{"id":102,"date":"2026-04-16T05:31:04","date_gmt":"2026-04-16T03:31:04","guid":{"rendered":"https:\/\/chapalote69.com\/?page_id=102"},"modified":"2026-04-16T06:13:36","modified_gmt":"2026-04-16T04:13:36","slug":"nosotros","status":"publish","type":"page","link":"https:\/\/chapalote69.com\/index.php\/nosotros\/","title":{"rendered":"NOSOTROS"},"content":{"rendered":"<p>[et_pb_section fb_built=\u00bb1&#8243; admin_label=\u00bbHeader\u00bb _builder_version=\u00bb4.20.0&#8243; _module_preset=\u00bbdefault\u00bb background_image=\u00bbhttps:\/\/chapalote69.com\/wp-content\/uploads\/2026\/04\/concert-hall-16.jpg\u00bb custom_padding=\u00bb6vw||6vw||true|false\u00bb collapsed=\u00bbon\u00bb global_colors_info=\u00bb{}\u00bb][et_pb_row _builder_version=\u00bb4.27.6&#8243; _module_preset=\u00bbdefault\u00bb background_color=\u00bb#befd4e\u00bb global_colors_info=\u00bb{}\u00bb theme_builder_area=\u00bbpost_content\u00bb][et_pb_column type=\u00bb4_4&#8243; _builder_version=\u00bb4.27.6&#8243; _module_preset=\u00bbdefault\u00bb global_colors_info=\u00bb{}\u00bb theme_builder_area=\u00bbpost_content\u00bb][et_pb_text _builder_version=\u00bb4.20.0&#8243; _module_preset=\u00bb515a6b83-738f-445c-ac43-1a83840ff436&#8243; header_text_color=\u00bb#FFFFFF\u00bb text_orientation=\u00bbcenter\u00bb global_colors_info=\u00bb{}\u00bb theme_builder_area=\u00bbpost_content\u00bb]<\/p>\n<h1><span style=\"color: #000000;\">AGENDA<\/span><\/h1>\n<p>[\/et_pb_text][\/et_pb_column][\/et_pb_row][\/et_pb_section][et_pb_section fb_built=\u00bb1&#8243; admin_label=\u00bbAbout\u00bb _builder_version=\u00bb4.20.0&#8243; _module_preset=\u00bbdefault\u00bb background_color=\u00bbgcid-c22116c1-81a4-4cbf-84dc-c3f928405165&#8243; collapsed=\u00bbon\u00bb global_colors_info=\u00bb{%22gcid-c22116c1-81a4-4cbf-84dc-c3f928405165%22:%91%22background_color%22%93}\u00bb][et_pb_row column_structure=\u00bb1_2,1_2&#8243; _builder_version=\u00bb4.20.0&#8243; _module_preset=\u00bbdefault\u00bb global_colors_info=\u00bb{}\u00bb][et_pb_column type=\u00bb1_2&#8243; _builder_version=\u00bb4.20.0&#8243; _module_preset=\u00bbdefault\u00bb global_colors_info=\u00bb{}\u00bb][et_pb_text _builder_version=\u00bb4.20.0&#8243; _module_preset=\u00bbf57f828c-c6cb-4586-ae36-81979586bef3&#8243; global_colors_info=\u00bb{}\u00bb]<\/p>\n<h2>KJFLKJ\u00a0 J\u00d1LJFD\u00d1 \u00d1L<\/h2>\n<p>[\/et_pb_text][et_pb_text _builder_version=\u00bb4.27.6&#8243; _module_preset=\u00bb8b5f3bda-6a95-4e80-8b38-cec4b06aba1b\u00bb global_colors_info=\u00bb{}\u00bb]<\/p>\n<p style=\"text-align: justify;\">Curabitur fermentum nulla non justo aliquet, quis vehicula quam consequat. Duis ut hendrerit tellus, elementum lacinia elit. Maecenas at consectetur ex, vitae consequat augue. Vivamus eget dolor vel quam condimentum sodales. In bibendum odio urna, sit amet fermentum purus venenatis amet.<\/p>\n<p>Donec ullamcorper libero nisl, nec blandit dolor tempus feugiat. Aenean neque felis, fringilla nec placerat eget, sollicitudin a sapien. Maecenas at consectetur ex, vitae consequat augue. Vivamus eget dolor vel quam condimentum sodales. In bibendum odio urna, sit amet fermentum purus venenatis a. Fusce vel egestas nisl.<\/p>\n<p>[\/et_pb_text][\/et_pb_column][et_pb_column type=\u00bb1_2&#8243; _builder_version=\u00bb4.20.0&#8243; _module_preset=\u00bbdefault\u00bb global_colors_info=\u00bb{}\u00bb][et_pb_image src=\u00bbhttps:\/\/chapalote69.com\/wp-content\/uploads\/2026\/04\/concert-hall-17.jpg\u00bb title_text=\u00bbconcert-hall-17&#8243; _builder_version=\u00bb4.20.0&#8243; _module_preset=\u00bbdefault\u00bb border_radii=\u00bboff|10px|300px|300px|10px\u00bb global_colors_info=\u00bb{}\u00bb][\/et_pb_image][\/et_pb_column][\/et_pb_row][\/et_pb_section][et_pb_section fb_built=\u00bb1&#8243; admin_label=\u00bbFeatures\u00bb _builder_version=\u00bb4.20.0&#8243; _module_preset=\u00bbdefault\u00bb background_color=\u00bb#FAF6F5&#8243; overflow-x=\u00bbhidden\u00bb overflow-y=\u00bbhidden\u00bb use_background_color_gradient_tablet=\u00bboff\u00bb collapsed=\u00bbon\u00bb global_colors_info=\u00bb{%22gcid-cf870a03-80a6-4d88-85c2-0a445fd22166%22:%91%22box_shadow_color%22%93}\u00bb][et_pb_row column_structure=\u00bb1_2,1_2&#8243; use_custom_gutter=\u00bbon\u00bb gutter_width=\u00bb1&#8243; make_equal=\u00bbon\u00bb custom_padding_last_edited=\u00bboff|desktop\u00bb _builder_version=\u00bb4.20.0&#8243; _module_preset=\u00bbdefault\u00bb custom_padding_tablet=\u00bb60px||||false|false\u00bb custom_padding_phone=\u00bb30px||||false|false\u00bb global_colors_info=\u00bb{%22gcid-cf870a03-80a6-4d88-85c2-0a445fd22166%22:%91%22background_color_gradient_stops%22%93,%22gcid-c22116c1-81a4-4cbf-84dc-c3f928405165%22:%91%22background_color_gradient_stops%22%93}\u00bb][et_pb_column type=\u00bb1_2&#8243; _builder_version=\u00bb4.20.0&#8243; _module_preset=\u00bbdefault\u00bb background_color=\u00bb#E3DDD4&#8243; custom_padding=\u00bb40px|40px|40px|40px|true|true\u00bb border_radii=\u00bboff|10px|||\u00bb box_shadow_style=\u00bbpreset4&#8243; box_shadow_horizontal=\u00bb-20vw\u00bb box_shadow_vertical=\u00bb-20vw\u00bb box_shadow_spread=\u00bb20vw\u00bb box_shadow_color=\u00bb#E3DDD4&#8243; global_colors_info=\u00bb{}\u00bb][et_pb_image src=\u00bbhttps:\/\/chapalote69.com\/wp-content\/uploads\/2026\/04\/concert-hall-18.jpg\u00bb title_text=\u00bbconcert-hall-18&#8243; _builder_version=\u00bb4.20.0&#8243; _module_preset=\u00bbdefault\u00bb border_radii=\u00bbon|10px|10px|10px|10px\u00bb global_colors_info=\u00bb{}\u00bb][\/et_pb_image][\/et_pb_column][et_pb_column type=\u00bb1_2&#8243; _builder_version=\u00bb4.20.0&#8243; _module_preset=\u00bbdefault\u00bb custom_padding=\u00bb|||60px|false|false\u00bb custom_padding_tablet=\u00bb30px|30px|30px|30px|true|true\u00bb custom_padding_phone=\u00bb20px|20px||20px|false|true\u00bb custom_padding_last_edited=\u00bbon|tablet\u00bb global_colors_info=\u00bb{}\u00bb][et_pb_text _builder_version=\u00bb4.20.0&#8243; _module_preset=\u00bbf57f828c-c6cb-4586-ae36-81979586bef3&#8243; custom_margin=\u00bb||30px||false|false\u00bb global_colors_info=\u00bb{}\u00bb]<\/p>\n<h2>misi\u00d3n y Vision<\/h2>\n<p>[\/et_pb_text][et_pb_blurb title=\u00bbMisi\u00f3n\u00bb use_icon=\u00bbon\u00bb font_icon=\u00bb&#x4e;||divi||400&#8243; _builder_version=\u00bb4.27.6&#8243; _module_preset=\u00bba261fa94-12f5-45ae-9e31-05ab67da22df\u00bb custom_margin=\u00bb||30px||false|false\u00bb border_color_all=\u00bbgcid-0157c9e8-50f8-41bb-b9f9-1f2c22f48581&#8243; locked=\u00bboff\u00bb global_colors_info=\u00bb{%22gcid-dfca0e9b-c2d5-4a0d-bd54-692f77707a05%22:%91%22text_text_color%22,%22header_5_text_color%22,%22icon_color%22,%22text_text_color%22,%22header_5_text_color%22%93,%22gcid-0157c9e8-50f8-41bb-b9f9-1f2c22f48581%22:%91%22border_color_all%22%93}\u00bb]<\/p>\n<p><span>Lorem ipsum dolor sit amet, consectetur adipiscing elit. Nam aliquam augue at tellus molestie posuere. Aenean pretium sagittis lacinia. Aliquam vitae odio at ante congue venenatis. Aliquam ut ipsum eget sapien imperdiet volutpat in non nisl. Vivamus molestie magna in neque bibendum molestie.<\/span><\/p>\n<p>[\/et_pb_blurb][et_pb_blurb title=\u00bbVisi\u00f3n\u00bb use_icon=\u00bbon\u00bb font_icon=\u00bb&#x4e;||divi||400&#8243; _builder_version=\u00bb4.27.6&#8243; _module_preset=\u00bba261fa94-12f5-45ae-9e31-05ab67da22df\u00bb custom_margin=\u00bb||30px||false|false\u00bb border_color_all=\u00bbgcid-0157c9e8-50f8-41bb-b9f9-1f2c22f48581&#8243; locked=\u00bboff\u00bb global_colors_info=\u00bb{%22gcid-dfca0e9b-c2d5-4a0d-bd54-692f77707a05%22:%91%22text_text_color%22,%22header_5_text_color%22,%22icon_color%22,%22text_text_color%22,%22header_5_text_color%22%93,%22gcid-0157c9e8-50f8-41bb-b9f9-1f2c22f48581%22:%91%22border_color_all%22%93}\u00bb]<\/p>\n<p style=\"text-align: justify;\"><span>Lorem ipsum dolor sit amet, consectetur adipiscing elit. Nam aliquam augue at tellus molestie posuere. Aenean pretium sagittis lacinia. Aliquam vitae odio at ante congue venenatis. Aliquam ut ipsum eget sapien imperdiet volutpat in non nisl. Vivamus molestie magna in neque bibendum molestie.<\/span><\/p>\n<p>[\/et_pb_blurb][\/et_pb_column][\/et_pb_row][\/et_pb_section][et_pb_section fb_built=\u00bb1&#8243; admin_label=\u00bbFooter\u00bb _builder_version=\u00bb4.20.0&#8243; _module_preset=\u00bbdefault\u00bb background_color=\u00bbgcid-dfca0e9b-c2d5-4a0d-bd54-692f77707a05&#8243; use_background_color_gradient=\u00bbon\u00bb background_color_gradient_stops=\u00bb#faf6f5 30%|rgba(255,255,255,0) 30%\u00bb custom_padding=\u00bb||||false|false\u00bb saved_tabs=\u00bball\u00bb collapsed=\u00bbon\u00bb global_colors_info=\u00bb{%22gcid-dfca0e9b-c2d5-4a0d-bd54-692f77707a05%22:%91%22background_color%22%93}\u00bb][et_pb_row _builder_version=\u00bb4.20.0&#8243; _module_preset=\u00bbdefault\u00bb background_color=\u00bbgcid-ad629ad7-29bc-4d34-a428-476c380868ee\u00bb custom_margin=\u00bb||30px||false|false\u00bb custom_padding=\u00bb60px|60px|60px|60px|true|true\u00bb border_radii=\u00bbon|10px|10px|10px|10px\u00bb global_colors_info=\u00bb{%22gcid-ad629ad7-29bc-4d34-a428-476c380868ee%22:%91%22background_color%22%93}\u00bb][et_pb_column type=\u00bb4_4&#8243; _builder_version=\u00bb4.20.0&#8243; _module_preset=\u00bbdefault\u00bb global_colors_info=\u00bb{}\u00bb][et_pb_image src=\u00bbhttps:\/\/chapalote69.com\/wp-content\/uploads\/2026\/04\/logochapab.png\u00bb title_text=\u00bblogochapab\u00bb align=\u00bbcenter\u00bb _builder_version=\u00bb4.27.6&#8243; _module_preset=\u00bbdefault\u00bb max_height=\u00bb90px\u00bb global_colors_info=\u00bb{}\u00bb][\/et_pb_image][et_pb_text _builder_version=\u00bb4.27.6&#8243; _module_preset=\u00bb53a92cda-a798-43d9-83bb-c6754b339f64&#8243; header_3_text_color=\u00bb#FFFFFF\u00bb text_orientation=\u00bbcenter\u00bb custom_margin=\u00bb||30px||false|false\u00bb locked=\u00bboff\u00bb global_colors_info=\u00bb{}\u00bb]<\/p>\n<h3>inscr\u00edbete en nuesra lista de contactos<\/h3>\n<p>[\/et_pb_text][et_pb_signup mailchimp_list=\u00bbelegantthemestest|1ea2bbd026&#8243; layout=\u00bbtop_bottom\u00bb first_name_field=\u00bboff\u00bb last_name_field=\u00bboff\u00bb _builder_version=\u00bb4.20.0&#8243; _module_preset=\u00bb75689741-96ea-4ca1-9ffa-f9a61645cc4d\u00bb form_field_text_color=\u00bb#FFFFFF\u00bb form_field_text_align=\u00bbcenter\u00bb button_text_color=\u00bb#CA352C\u00bb button_bg_color=\u00bb#FFFFFF\u00bb button_border_color=\u00bb#ca352c\u00bb max_width=\u00bb600px\u00bb module_alignment=\u00bbcenter\u00bb border_color_all_fields=\u00bb#FFFFFF\u00bb global_colors_info=\u00bb{%22gcid-ad629ad7-29bc-4d34-a428-476c380868ee%22:%91%22button_border_color%22,%22button_border_color%22,%22button_border_color%22,%22button_border_color%22,%22button_border_color%22%93,%22gcid-dfca0e9b-c2d5-4a0d-bd54-692f77707a05%22:%91%22form_field_text_color%22,%22border_color_all%22,%22border_color_all_fields%22,%22form_field_text_color%22,%22border_color_all%22,%22border_color_all_fields%22,%22form_field_text_color%22,%22border_color_all%22,%22border_color_all%22,%22border_color_all%22%93}\u00bb][\/et_pb_signup][\/et_pb_column][\/et_pb_row][\/et_pb_section]<\/p>\n","protected":false},"excerpt":{"rendered":"<p>AGENDAKJFLKJ\u00a0 J\u00d1LJFD\u00d1 \u00d1LCurabitur fermentum nulla non justo aliquet, quis vehicula quam consequat. Duis ut hendrerit tellus, elementum lacinia elit. Maecenas at consectetur ex, vitae consequat augue. Vivamus eget dolor vel quam condimentum sodales. In bibendum odio urna, sit amet fermentum purus venenatis amet. Donec ullamcorper libero nisl, nec blandit dolor tempus feugiat. Aenean neque felis, fringilla nec placerat eget, sollicitudin a sapien. Maecenas at consectetur ex, vitae consequat augue. Vivamus eget dolor vel quam condimentum sodales. In bibendum odio urna, sit amet fermentum purus venenatis a. Fusce vel egestas nisl.misi\u00d3n y VisionLorem ipsum dolor sit amet, consectetur adipiscing elit. Nam aliquam augue at tellus molestie posuere. Aenean pretium sagittis lacinia. Aliquam vitae odio at ante congue venenatis. Aliquam ut ipsum eget sapien imperdiet volutpat in non nisl. Vivamus molestie magna in neque bibendum molestie.Lorem ipsum dolor sit amet, consectetur adipiscing elit. Nam aliquam augue at tellus molestie posuere. Aenean pretium sagittis lacinia. Aliquam vitae odio at ante congue venenatis. Aliquam ut ipsum eget sapien imperdiet volutpat in non nisl. Vivamus molestie magna in neque bibendum molestie.inscr\u00edbete en nuesra lista de contactos<\/p>\n","protected":false},"author":1,"featured_media":0,"parent":0,"menu_order":0,"comment_status":"closed","ping_status":"closed","template":"","meta":{"_et_pb_use_builder":"on","_et_pb_old_content":"","_et_gb_content_width":"","footnotes":""},"class_list":["post-102","page","type-page","status-publish","hentry"],"_links":{"self":[{"href":"https:\/\/chapalote69.com\/index.php\/wp-json\/wp\/v2\/pages\/102","targetHints":{"allow":["GET"]}}],"collection":[{"href":"https:\/\/chapalote69.com\/index.php\/wp-json\/wp\/v2\/pages"}],"about":[{"href":"https:\/\/chapalote69.com\/index.php\/wp-json\/wp\/v2\/types\/page"}],"author":[{"embeddable":true,"href":"https:\/\/chapalote69.com\/index.php\/wp-json\/wp\/v2\/users\/1"}],"replies":[{"embeddable":true,"href":"https:\/\/chapalote69.com\/index.php\/wp-json\/wp\/v2\/comments?post=102"}],"version-history":[{"count":4,"href":"https:\/\/chapalote69.com\/index.php\/wp-json\/wp\/v2\/pages\/102\/revisions"}],"predecessor-version":[{"id":149,"href":"https:\/\/chapalote69.com\/index.php\/wp-json\/wp\/v2\/pages\/102\/revisions\/149"}],"wp:attachment":[{"href":"https:\/\/chapalote69.com\/index.php\/wp-json\/wp\/v2\/media?parent=102"}],"curies":[{"name":"wp","href":"https:\/\/api.w.org\/{rel}","templated":true}]}}